{"id":397,"date":"2024-09-02T19:25:32","date_gmt":"2024-09-02T22:25:32","guid":{"rendered":"https:\/\/supernoticias.net\/?page_id=397"},"modified":"2024-09-02T19:25:32","modified_gmt":"2024-09-02T22:25:32","slug":"quem-somos","status":"publish","type":"page","link":"https:\/\/supernoticias.net\/index.php\/quem-somos\/","title":{"rendered":"QUEM SOMOS"},"content":{"rendered":"<p><span style=\"font-family: arial, helvetica, sans-serif;\">O SUPER NOTICIAS\u00a0 \u00e9 mais do que apenas um site de not\u00edcias. Somos uma plataforma digital que busca conectar pessoas e compartilhar informa\u00e7\u00f5es relevantes e inspiradoras. Nossa miss\u00e3o \u00e9 oferecer um conte\u00fado de qualidade, que estimule a reflex\u00e3o e o debate, e que contribua para a constru\u00e7\u00e3o de uma sociedade mais informada e justa. Acreditamos na import\u00e2ncia da liberdade de express\u00e3o, da diversidade e da inclus\u00e3o.<\/span><\/p>\n<p data-sourcepos=\"15:1-15:16\"><span style=\"font-family: arial, helvetica, sans-serif;\">Em um mundo cada vez mais conectado, a informa\u00e7\u00e3o \u00e9 mais importante do que nunca. O SUPER NOTICIAS se destaca por oferecer um conte\u00fado confi\u00e1vel e preciso, com an\u00e1lises aprofundadas e diferentes pontos de vista. Nossa equipe trabalha incansavelmente para garantir que voc\u00ea tenha acesso \u00e0s informa\u00e7\u00f5es mais relevantes e atualizadas sobre os temas que mais te interessam.<\/span><\/p>\n<h3 class=\"\" data-sourcepos=\"17:1-17:47\"><\/h3>\n","protected":false},"excerpt":{"rendered":"<p>O SUPER NOTICIAS\u00a0 \u00e9 mais do que apenas um site de not\u00edcias. Somos uma plataforma digital que busca conectar pessoas e compartilhar informa\u00e7\u00f5es relevantes e inspiradoras. Nossa miss\u00e3o \u00e9 oferecer um conte\u00fado de qualidade, que estimule a reflex\u00e3o e o debate, e que contribua para a constru\u00e7\u00e3o de uma sociedade mais informada e justa. Acreditamos [&hellip;]<\/p>\n","protected":false},"author":1,"featured_media":0,"parent":0,"menu_order":0,"comment_status":"closed","ping_status":"closed","template":"","meta":{"MSN_Categories":"Uncategorized","MSN_Publish_Option":false,"MSN_Is_Local_News":false,"MSN_Is_AIAC_Included":"Empty","MSN_Location":"[]","MSN_Add_Feature_Img_On_Top_Of_Post":false,"MSN_Has_Custom_Author":false,"MSN_Custom_Author":"","MSN_Has_Custom_Canonical_Url":false,"MSN_Custom_Canonical_Url":"","site-sidebar-layout":"default","site-content-layout":"","ast-site-content-layout":"default","site-content-style":"default","site-sidebar-style":"default","ast-global-header-display":"","ast-banner-title-visibility":"","ast-main-header-display":"","ast-hfb-above-header-display":"","ast-hfb-below-header-display":"","ast-hfb-mobile-header-display":"","site-post-title":"","ast-breadcrumbs-content":"","ast-featured-img":"","footer-sml-layout":"","theme-transparent-header-meta":"default","adv-header-id-meta":"","stick-header-meta":"","header-above-stick-meta":"","header-main-stick-meta":"","header-below-stick-meta":"","astra-migrate-meta-layouts":"set","ast-page-background-enabled":"default","ast-page-background-meta":{"desktop":{"background-color":"var(--ast-global-color-4)","background-image":"","background-repeat":"repeat","background-position":"center center","background-size":"auto","background-attachment":"scroll","background-type":"","background-media":"","overlay-type":"","overlay-color":"","overlay-opacity":"","overlay-gradient":""},"tablet":{"background-color":"","background-image":"","background-repeat":"repeat","background-position":"center center","background-size":"auto","background-attachment":"scroll","background-type":"","background-media":"","overlay-type":"","overlay-color":"","overlay-opacity":"","overlay-gradient":""},"mobile":{"background-color":"","background-image":"","background-repeat":"repeat","background-position":"center center","background-size":"auto","background-attachment":"scroll","background-type":"","background-media":"","overlay-type":"","overlay-color":"","overlay-opacity":"","overlay-gradient":""}},"ast-content-background-meta":{"desktop":{"background-color":"var(--ast-global-color-5)","background-image":"","background-repeat":"repeat","background-position":"center center","background-size":"auto","background-attachment":"scroll","background-type":"","background-media":"","overlay-type":"","overlay-color":"","overlay-opacity":"","overlay-gradient":""},"tablet":{"background-color":"var(--ast-global-color-5)","background-image":"","background-repeat":"repeat","background-position":"center center","background-size":"auto","background-attachment":"scroll","background-type":"","background-media":"","overlay-type":"","overlay-color":"","overlay-opacity":"","overlay-gradient":""},"mobile":{"background-color":"var(--ast-global-color-5)","background-image":"","background-repeat":"repeat","background-position":"center center","background-size":"auto","background-attachment":"scroll","background-type":"","background-media":"","overlay-type":"","overlay-color":"","overlay-opacity":"","overlay-gradient":""}},"footnotes":""},"class_list":["post-397","page","type-page","status-publish","hentry"],"yoast_head":"<!-- This site is optimized with the Yoast SEO plugin v27.4 - https:\/\/yoast.com\/product\/yoast-seo-wordpress\/ -->\n<title>QUEM SOMOS - supernoticias.net<\/title>\n<meta name=\"robots\" content=\"index, follow, max-snippet:-1, max-image-preview:large, max-video-preview:-1\" \/>\n<link rel=\"canonical\" href=\"https:\/\/supernoticias.net\/index.php\/quem-somos\/\" \/>\n<meta property=\"og:locale\" content=\"pt_BR\" \/>\n<meta property=\"og:type\" content=\"article\" \/>\n<meta property=\"og:title\" content=\"QUEM SOMOS - supernoticias.net\" \/>\n<meta property=\"og:description\" content=\"O SUPER NOTICIAS\u00a0 \u00e9 mais do que apenas um site de not\u00edcias. Somos uma plataforma digital que busca conectar pessoas e compartilhar informa\u00e7\u00f5es relevantes e inspiradoras. Nossa miss\u00e3o \u00e9 oferecer um conte\u00fado de qualidade, que estimule a reflex\u00e3o e o debate, e que contribua para a constru\u00e7\u00e3o de uma sociedade mais informada e justa. Acreditamos [&hellip;]\" \/>\n<meta property=\"og:url\" content=\"https:\/\/supernoticias.net\/index.php\/quem-somos\/\" \/>\n<meta property=\"og:site_name\" content=\"supernoticias.net\" \/>\n<meta name=\"twitter:card\" content=\"summary_large_image\" \/>\n<meta name=\"twitter:label1\" content=\"Est. tempo de leitura\" \/>\n\t<meta name=\"twitter:data1\" content=\"1 minuto\" \/>\n<script type=\"application\/ld+json\" class=\"yoast-schema-graph\">{\"@context\":\"https:\\\/\\\/schema.org\",\"@graph\":[{\"@type\":\"WebPage\",\"@id\":\"https:\\\/\\\/supernoticias.net\\\/index.php\\\/quem-somos\\\/\",\"url\":\"https:\\\/\\\/supernoticias.net\\\/index.php\\\/quem-somos\\\/\",\"name\":\"QUEM SOMOS - supernoticias.net\",\"isPartOf\":{\"@id\":\"https:\\\/\\\/supernoticias.net\\\/#website\"},\"datePublished\":\"2024-09-02T22:25:32+00:00\",\"breadcrumb\":{\"@id\":\"https:\\\/\\\/supernoticias.net\\\/index.php\\\/quem-somos\\\/#breadcrumb\"},\"inLanguage\":\"pt-BR\",\"potentialAction\":[{\"@type\":\"ReadAction\",\"target\":[\"https:\\\/\\\/supernoticias.net\\\/index.php\\\/quem-somos\\\/\"]}]},{\"@type\":\"BreadcrumbList\",\"@id\":\"https:\\\/\\\/supernoticias.net\\\/index.php\\\/quem-somos\\\/#breadcrumb\",\"itemListElement\":[{\"@type\":\"ListItem\",\"position\":1,\"name\":\"In\u00edcio\",\"item\":\"https:\\\/\\\/supernoticias.net\\\/\"},{\"@type\":\"ListItem\",\"position\":2,\"name\":\"QUEM SOMOS\"}]},{\"@type\":\"WebSite\",\"@id\":\"https:\\\/\\\/supernoticias.net\\\/#website\",\"url\":\"https:\\\/\\\/supernoticias.net\\\/\",\"name\":\"supernoticias.net\",\"description\":\"\",\"potentialAction\":[{\"@type\":\"SearchAction\",\"target\":{\"@type\":\"EntryPoint\",\"urlTemplate\":\"https:\\\/\\\/supernoticias.net\\\/?s={search_term_string}\"},\"query-input\":{\"@type\":\"PropertyValueSpecification\",\"valueRequired\":true,\"valueName\":\"search_term_string\"}}],\"inLanguage\":\"pt-BR\"}]}<\/script>\n<!-- \/ Yoast SEO plugin. -->","yoast_head_json":{"title":"QUEM SOMOS - supernoticias.net","robots":{"index":"index","follow":"follow","max-snippet":"max-snippet:-1","max-image-preview":"max-image-preview:large","max-video-preview":"max-video-preview:-1"},"canonical":"https:\/\/supernoticias.net\/index.php\/quem-somos\/","og_locale":"pt_BR","og_type":"article","og_title":"QUEM SOMOS - supernoticias.net","og_description":"O SUPER NOTICIAS\u00a0 \u00e9 mais do que apenas um site de not\u00edcias. Somos uma plataforma digital que busca conectar pessoas e compartilhar informa\u00e7\u00f5es relevantes e inspiradoras. Nossa miss\u00e3o \u00e9 oferecer um conte\u00fado de qualidade, que estimule a reflex\u00e3o e o debate, e que contribua para a constru\u00e7\u00e3o de uma sociedade mais informada e justa. Acreditamos [&hellip;]","og_url":"https:\/\/supernoticias.net\/index.php\/quem-somos\/","og_site_name":"supernoticias.net","twitter_card":"summary_large_image","twitter_misc":{"Est. tempo de leitura":"1 minuto"},"schema":{"@context":"https:\/\/schema.org","@graph":[{"@type":"WebPage","@id":"https:\/\/supernoticias.net\/index.php\/quem-somos\/","url":"https:\/\/supernoticias.net\/index.php\/quem-somos\/","name":"QUEM SOMOS - supernoticias.net","isPartOf":{"@id":"https:\/\/supernoticias.net\/#website"},"datePublished":"2024-09-02T22:25:32+00:00","breadcrumb":{"@id":"https:\/\/supernoticias.net\/index.php\/quem-somos\/#breadcrumb"},"inLanguage":"pt-BR","potentialAction":[{"@type":"ReadAction","target":["https:\/\/supernoticias.net\/index.php\/quem-somos\/"]}]},{"@type":"BreadcrumbList","@id":"https:\/\/supernoticias.net\/index.php\/quem-somos\/#breadcrumb","itemListElement":[{"@type":"ListItem","position":1,"name":"In\u00edcio","item":"https:\/\/supernoticias.net\/"},{"@type":"ListItem","position":2,"name":"QUEM SOMOS"}]},{"@type":"WebSite","@id":"https:\/\/supernoticias.net\/#website","url":"https:\/\/supernoticias.net\/","name":"supernoticias.net","description":"","potentialAction":[{"@type":"SearchAction","target":{"@type":"EntryPoint","urlTemplate":"https:\/\/supernoticias.net\/?s={search_term_string}"},"query-input":{"@type":"PropertyValueSpecification","valueRequired":true,"valueName":"search_term_string"}}],"inLanguage":"pt-BR"}]}},"_links":{"self":[{"href":"https:\/\/supernoticias.net\/index.php\/wp-json\/wp\/v2\/pages\/397","targetHints":{"allow":["GET"]}}],"collection":[{"href":"https:\/\/supernoticias.net\/index.php\/wp-json\/wp\/v2\/pages"}],"about":[{"href":"https:\/\/supernoticias.net\/index.php\/wp-json\/wp\/v2\/types\/page"}],"author":[{"embeddable":true,"href":"https:\/\/supernoticias.net\/index.php\/wp-json\/wp\/v2\/users\/1"}],"replies":[{"embeddable":true,"href":"https:\/\/supernoticias.net\/index.php\/wp-json\/wp\/v2\/comments?post=397"}],"version-history":[{"count":1,"href":"https:\/\/supernoticias.net\/index.php\/wp-json\/wp\/v2\/pages\/397\/revisions"}],"predecessor-version":[{"id":398,"href":"https:\/\/supernoticias.net\/index.php\/wp-json\/wp\/v2\/pages\/397\/revisions\/398"}],"wp:attachment":[{"href":"https:\/\/supernoticias.net\/index.php\/wp-json\/wp\/v2\/media?parent=397"}],"curies":[{"name":"wp","href":"https:\/\/api.w.org\/{rel}","templated":true}]}}